{"id":2915,"date":"2022-07-27T13:54:53","date_gmt":"2022-07-27T13:54:53","guid":{"rendered":"https:\/\/edificiolumen.com\/?page_id=2915"},"modified":"2022-08-16T17:54:37","modified_gmt":"2022-08-16T17:54:37","slug":"terminos-de-uso","status":"publish","type":"page","link":"https:\/\/edificiolumen.com\/en\/terminos-de-uso\/","title":{"rendered":"Terminos de uso"},"content":{"rendered":"\t\t<div data-elementor-type=\"wp-page\" data-elementor-id=\"2915\" class=\"elementor elementor-2915\">\n\t\t\t\t\t\t<section class=\"elementor-section elementor-top-section elementor-element elementor-element-2aea879 elementor-section-stretched m-top elementor-section-boxed elementor-section-height-default elementor-section-height-default\" data-id=\"2aea879\" data-element_type=\"section\" data-e-type=\"section\" data-settings=\"{&quot;stretch_section&quot;:&quot;section-stretched&quot;}\">\n\t\t\t\t\t\t<div class=\"elementor-container elementor-column-gap-default\">\n\t\t\t\t\t<div class=\"elementor-column elementor-col-100 elementor-top-column elementor-element elementor-element-90f13e8\" data-id=\"90f13e8\" data-element_type=\"column\" data-e-type=\"column\">\n\t\t\t<div class=\"elementor-widget-wrap elementor-element-populated\">\n\t\t\t\t\t\t<div class=\"elementor-element elementor-element-8966660 elementor-widget elementor-widget-heading\" data-id=\"8966660\" data-element_type=\"widget\" data-e-type=\"widget\" data-widget_type=\"heading.default\">\n\t\t\t\t<div class=\"elementor-widget-container\">\n\t\t\t\t\t<h2 class=\"elementor-heading-title elementor-size-default\">Terminos de uso<\/h2>\t\t\t\t<\/div>\n\t\t\t\t<\/div>\n\t\t\t\t<div class=\"elementor-element elementor-element-bbc2269 elementor-widget elementor-widget-text-editor\" data-id=\"bbc2269\" data-element_type=\"widget\" data-e-type=\"widget\" data-widget_type=\"text-editor.default\">\n\t\t\t\t<div class=\"elementor-widget-container\">\n\t\t\t\t\t\t\t\t\t<p>Las cookies son archivos de texto enviados a su computadora y utilizados por su navegador web para almacenar informaci\u00f3n. Las cookies que utilizamos permiten que su navegador recuerde si ha visitado nuestro sitio antes y cu\u00e1les son sus preferencias.<\/p><p>Al igual que con la mayor\u00eda de los sitios web, utilizamos cookies para mejorar su experiencia de usuario al permitir que nuestro sitio web lo &#8216;recuerde&#8217;, ya sea durante su visita (usando una &#8216;cookie de sesi\u00f3n&#8217;) o para visitas repetidas (usando una &#8216;cookie persistente&#8217;). Tambi\u00e9n se utilizan dos tipos diferentes de cookies: propias (que son de nuestra propiedad) y de terceros (donde permitimos que un tercero, como Google, establezca cookies en su computadora o dispositivo m\u00f3vil).<\/p><p>Las cookies realizan muchas funciones diferentes, como permitirle navegar entre p\u00e1ginas de manera eficiente, almacenar sus preferencias y, en general, mejorar su experiencia en un sitio web. Las cookies hacen que la interacci\u00f3n entre usted y el sitio web sea m\u00e1s r\u00e1pida y sencilla. Si un sitio web no utiliza cookies, pensar\u00e1 que es un visitante nuevo cada vez que se mueva a una nueva p\u00e1gina en el sitio; por ejemplo, cuando ingresa sus datos de inicio de sesi\u00f3n y se mueve a otra p\u00e1gina, no lo reconocer\u00e1 y no podr\u00e1 mantenerte conectado.<\/p><p><br \/><br \/><\/p><p>1. C\u00f3mo rechazar o retirar el consentimiento<\/p><p>Aunque las cookies que utilizamos en este sitio web son bastante inofensivas y no revelan su identidad, no todo el mundo desea que se descarguen archivos de texto en su computadora o dispositivo m\u00f3vil. Si lo prefiere, es posible bloquear algunas o todas las cookies, o incluso eliminar las cookies que ya se han configurado; pero debe tener en cuenta que podr\u00eda perder algunas funciones de este sitio web.<\/p><p>Puede administrar c\u00f3mo las cookies interact\u00faan con su computadora o dispositivo m\u00f3vil a trav\u00e9s de su navegador (por ejemplo, Internet Explorer, Chrome, Safari, Firefox, Android), de modo que reciba una alerta cuando se env\u00eden cookies o pueda rechazar las cookies por completo. Tambi\u00e9n puede eliminar las cookies que ya se han configurado.<\/p><p>2. Cookies en nuestra web<\/p><p>En este sitio web utilizamos solo una peque\u00f1a cantidad de cookies. Son:<\/p><p><b>BC_BANDWIDTH<\/b><\/p><p>Esto almacena el ancho de banda de la computadora o dispositivo m\u00f3vil de un usuario.<\/p><p>Tercero<\/p><p>Vida \u00fatil: session<\/p><p><b>tcecookie<\/b><\/p><p>Esto almacena el reconocimiento de la notificaci\u00f3n de cookies.<\/p><p>Primera fiesta<\/p><p>Vida \u00fatil: 6 meses<\/p><p><b>PREF<\/b><\/p><p>Esto almacena las preferencias b\u00e1sicas de un usuario, como que el usuario desea resultados de b\u00fasqueda en ingl\u00e9s, no m\u00e1s de 10 resultados en una p\u00e1gina determinada, o ha implementado una configuraci\u00f3n de SafeSearch para filtrar el contenido.<\/p><p>Tercero<\/p><p>Vida \u00fatil: 2 a\u00f1os<\/p><p><b>_tmid<\/b><\/p><p>Seguimiento de v\u00eddeo de Brightcove. Se utiliza para an\u00e1lisis de usuarios. Identifica espectadores \u00fanicos y nuevos espectadores.<\/p><p>Tercero<\/p><p>Esperanza de vida: 10 a\u00f1os<\/p><p><b>__utmv<\/b><\/p><p>Se utiliza para las variables personalizadas del usuario en Google Analytics.<\/p><p>Tercero<\/p><p>Vida \u00fatil: 2 a\u00f1os<\/p><p><b>__utma<\/b><\/p><p>Esto almacena el n\u00famero de visitas de cada usuario y la hora de la primera visita, la visita anterior y la visita actual.<\/p><p>Tercero<\/p><p>Vida \u00fatil: 2 a\u00f1os<\/p><p><b>__utmb<\/b><\/p><p>Esto almacena cu\u00e1nto tiempo permanece un usuario en el sitio, cu\u00e1ndo comienza una visita y cu\u00e1ndo termina aproximadamente.<\/p><p>Tercero<\/p><p>Vida \u00fatil: 2 a\u00f1os<\/p><p><b>__utmc<\/b><\/p><p>Esto almacena cu\u00e1nto tiempo permanece un usuario en el sitio, cu\u00e1ndo comienza una visita y cu\u00e1ndo termina aproximadamente.<\/p><p>Tercero<\/p><p>Vida \u00fatil: sesi\u00f3n<\/p><p><b>__utmz<\/b><\/p><p>Esto almacena de d\u00f3nde vino un visitante (por ejemplo, motor de b\u00fasqueda, palabra clave de b\u00fasqueda, enlace de referencia).<\/p><p>Tercero<\/p><p>Vida \u00fatil: 6 meses<\/p>\t\t\t\t\t\t\t\t<\/div>\n\t\t\t\t<\/div>\n\t\t\t\t\t<\/div>\n\t\t<\/div>\n\t\t\t\t\t<\/div>\n\t\t<\/section>\n\t\t\t\t<\/div>\n\t\t","protected":false},"excerpt":{"rendered":"<p>Terminos de uso Las cookies son archivos de texto enviados a su computadora y utilizados por su navegador web para almacenar informaci\u00f3n. Las cookies que utilizamos permiten que su navegador recuerde si ha visitado nuestro sitio antes y cu\u00e1les son sus preferencias. Al igual que con la mayor\u00eda de los sitios web, utilizamos cookies para &hellip; <\/p>\n<p class=\"link-more\"><a href=\"https:\/\/edificiolumen.com\/en\/terminos-de-uso\/\" class=\"more-link\">Read More <span class=\"screen-reader-text\"> &#8220;Terminos de uso&#8221;<\/span><\/a><\/p>\n","protected":false},"author":1,"featured_media":0,"parent":0,"menu_order":0,"comment_status":"closed","ping_status":"closed","template":"","meta":{"_coblocks_attr":"","_coblocks_dimensions":"","_coblocks_responsive_height":"","_coblocks_accordion_ie_support":"","inline_featured_image":false,"footnotes":""},"class_list":["post-2915","page","type-page","status-publish","hentry"],"_links":{"self":[{"href":"https:\/\/edificiolumen.com\/en\/wp-json\/wp\/v2\/pages\/2915","targetHints":{"allow":["GET"]}}],"collection":[{"href":"https:\/\/edificiolumen.com\/en\/wp-json\/wp\/v2\/pages"}],"about":[{"href":"https:\/\/edificiolumen.com\/en\/wp-json\/wp\/v2\/types\/page"}],"author":[{"embeddable":true,"href":"https:\/\/edificiolumen.com\/en\/wp-json\/wp\/v2\/users\/1"}],"replies":[{"embeddable":true,"href":"https:\/\/edificiolumen.com\/en\/wp-json\/wp\/v2\/comments?post=2915"}],"version-history":[{"count":17,"href":"https:\/\/edificiolumen.com\/en\/wp-json\/wp\/v2\/pages\/2915\/revisions"}],"predecessor-version":[{"id":3553,"href":"https:\/\/edificiolumen.com\/en\/wp-json\/wp\/v2\/pages\/2915\/revisions\/3553"}],"wp:attachment":[{"href":"https:\/\/edificiolumen.com\/en\/wp-json\/wp\/v2\/media?parent=2915"}],"curies":[{"name":"wp","href":"https:\/\/api.w.org\/{rel}","templated":true}]}}