{"id":2922,"date":"2022-07-27T13:59:37","date_gmt":"2022-07-27T13:59:37","guid":{"rendered":"https:\/\/edificiolumen.com\/?page_id=2922"},"modified":"2022-08-16T17:54:31","modified_gmt":"2022-08-16T17:54:31","slug":"politica-de-privacidad","status":"publish","type":"page","link":"https:\/\/edificiolumen.com\/en\/politica-de-privacidad\/","title":{"rendered":"Politica de privacidad"},"content":{"rendered":"\t\t<div data-elementor-type=\"wp-page\" data-elementor-id=\"2922\" class=\"elementor elementor-2922\">\n\t\t\t\t\t\t<section class=\"elementor-section elementor-top-section elementor-element elementor-element-2aea879 no-p-after m-top elementor-section-stretched elementor-section-boxed elementor-section-height-default elementor-section-height-default\" data-id=\"2aea879\" data-element_type=\"section\" data-e-type=\"section\" data-settings=\"{&quot;stretch_section&quot;:&quot;section-stretched&quot;}\">\n\t\t\t\t\t\t<div class=\"elementor-container elementor-column-gap-default\">\n\t\t\t\t\t<div class=\"elementor-column elementor-col-100 elementor-top-column elementor-element elementor-element-90f13e8\" data-id=\"90f13e8\" data-element_type=\"column\" data-e-type=\"column\">\n\t\t\t<div class=\"elementor-widget-wrap elementor-element-populated\">\n\t\t\t\t\t\t<div class=\"elementor-element elementor-element-8966660 elementor-widget elementor-widget-heading\" data-id=\"8966660\" data-element_type=\"widget\" data-e-type=\"widget\" data-widget_type=\"heading.default\">\n\t\t\t\t<div class=\"elementor-widget-container\">\n\t\t\t\t\t<h2 class=\"elementor-heading-title elementor-size-default\">Pol\u00edtica de privacidad<\/h2>\t\t\t\t<\/div>\n\t\t\t\t<\/div>\n\t\t\t\t<div class=\"elementor-element elementor-element-bbc2269 elementor-widget elementor-widget-text-editor\" data-id=\"bbc2269\" data-element_type=\"widget\" data-e-type=\"widget\" data-widget_type=\"text-editor.default\">\n\t\t\t\t<div class=\"elementor-widget-container\">\n\t\t\t\t\t\t\t\t\t<p class=\"western\" lang=\"es-ES-u-co-trad\"><span style=\"color: #000000;\"><span style=\"font-family: Helvetica, serif;\"><span style=\"font-size: medium;\"><span lang=\"en-US\">Estamos comprometidos a salvaguardar su privacidad en l\u00ednea y hemos desarrollado esta pol\u00edtica de privacidad para tratar los problemas que puedan preocuparle. Lea esta pol\u00edtica para comprender c\u00f3mo se tratar\u00e1 su informaci\u00f3n personal. Esta pol\u00edtica puede cambiar de vez en cuando, as\u00ed que rev\u00edsela peri\u00f3dicamente.<\/span><\/span><\/span><\/span><\/p><p class=\"western\" lang=\"es-ES-u-co-trad\"><span style=\"color: #000000;\"><span style=\"font-family: Helvetica, serif;\"><span style=\"font-size: medium;\"><span lang=\"es-ES\">La utilizaci\u00f3n del sitio <\/span><\/span><\/span><\/span><span style=\"color: #000000;\"><span style=\"font-family: Helvetica, serif;\"><span style=\"font-size: medium;\"><span lang=\"es-ES\">web bwre.es <\/span><\/span><\/span><\/span><span style=\"color: #000000;\"><span style=\"font-family: Helvetica, serif;\"><span style=\"font-size: medium;\"><span lang=\"es-ES\">propiedad de <\/span><\/span><\/span><\/span><span style=\"color: #000000;\"><span style=\"font-family: Helvetica, serif;\"><span style=\"font-size: medium;\"><span lang=\"en-US\">Heptaprim S.A. <\/span><\/span><\/span><\/span><span style=\"color: #000000;\"><span style=\"font-family: Helvetica, serif;\"><span style=\"font-size: medium;\"><span lang=\"es-ES\">es absolutamente voluntaria y supone la plena aceptaci\u00f3n por quien accede al mismo, de todas las Condiciones Generales de Uso vigentes en cada momento para el presente sitio web. El Usuario deber\u00e1 leer detenidamente y aceptar sin ning\u00fan tipo de reservas la presente POL\u00cdTICA DE PRIVACIDAD antes de realizar cualquier tipo de operaci\u00f3n, visionado, utilizaci\u00f3n, etc. del contenido alojado en este sitio web.<\/span><\/span><\/span><\/span><\/p><p class=\"western\" lang=\"es-ES-u-co-trad\"><span style=\"color: #000000;\"><span style=\"font-family: Helvetica, serif;\"><span style=\"font-size: medium;\"><span lang=\"es-ES\">El Usuario se compromete a no utilizar el sitio web o sus servicios y contenidos de forma contraria a lo dispuesto por la legislaci\u00f3n vigente. <\/span><\/span><\/span><\/span><span style=\"color: #000000;\"><span style=\"font-family: Helvetica, serif;\"><span style=\"font-size: medium;\"><span lang=\"en-US\">Heptaprim S.A. <\/span><\/span><\/span><\/span><span style=\"color: #000000;\"><span style=\"font-family: Helvetica, serif;\"><span style=\"font-size: medium;\"><span lang=\"es-ES\"> se reserva el derecho a retirar el acceso al presente sitio web, sin necesidad de previo aviso, a cualquier Usuario que contravenga lo dispuesto en estas Condiciones Generales de Uso.<\/span><\/span><\/span><\/span><\/p><p class=\"western\" lang=\"es-ES-u-co-trad\"><span style=\"color: #000000;\"><span style=\"font-family: Helvetica, serif;\"><span style=\"font-size: medium;\"><span lang=\"en-US\">Heptaprim S.A. <\/span><\/span><\/span><\/span><span style=\"color: #000000;\"><span style=\"font-family: Helvetica, serif;\"><span style=\"font-size: medium;\"><span lang=\"es-ES\"> se reserva el derecho de modificar en cualquier momento las presentes Condiciones Generales de Uso, as\u00ed como cualesquiera otras condiciones generales o particulares, reglamentos de uso o avisos que pudieran resultar de aplicaci\u00f3n. Asimismo, se reserva el derecho a modificar en cualquier momento la presentaci\u00f3n, configuraci\u00f3n y localizaci\u00f3n del sitio web, as\u00ed como los contenidos y las condiciones requeridas para utilizar el mismo.<\/span><\/span><\/span><\/span><\/p><p class=\"western\"><br \/><br \/><\/p><p class=\"western\" lang=\"es-ES-u-co-trad\"><span style=\"color: #000000;\"><span style=\"font-family: Helvetica, serif;\"><span style=\"font-size: large;\"><span lang=\"en-US\"><b>INFORMACI\u00d3N PERSONAL<\/b><\/span><\/span><\/span><\/span><\/p><p class=\"western\" lang=\"es-ES-u-co-trad\"><span style=\"color: #000000;\"><span style=\"font-family: Helvetica, serif;\"><span style=\"font-size: medium;\"><span lang=\"en-US\">Los detalles que proporcione sobre usted y cualquier informaci\u00f3n que lo identifique (como su nombre, direcci\u00f3n, direcci\u00f3n de correo electr\u00f3nico) (&#8220;informaci\u00f3n personal&#8221;) ser\u00e1n recopilados por nosotros cuando se registre para usar el sitio, cuando env\u00ede dicha informaci\u00f3n directamente por rellenando un formulario en l\u00ednea y, cuando navega, d\u00f3nde se pueden utilizar las cookies.<\/span><\/span><\/span><\/span><\/p><p class=\"western\" lang=\"es-ES-u-co-trad\"><span style=\"color: #000000;\"><span style=\"font-family: Helvetica, serif;\"><span style=\"font-size: large;\"><span lang=\"en-US\"><b>USO DE LA INFORMACI\u00d3N PERSONAL<\/b><\/span><\/span><\/span><\/span><\/p><p class=\"western\" lang=\"es-ES-u-co-trad\"><span style=\"color: #000000;\"><span style=\"font-family: Helvetica, serif;\"><span style=\"font-size: medium;\"><span lang=\"en-US\">Esta informaci\u00f3n se guardar\u00e1 en nuestro sistema y se utilizar\u00e1 solo para configurar y administrar su cuenta de sitio web, y para poner a su disposici\u00f3n toda la informaci\u00f3n relacionada con nosotros.<\/span><\/span><\/span><\/span><\/p><p class=\"western\" lang=\"es-ES-u-co-trad\"><span style=\"color: #000000;\"><span style=\"font-family: Helvetica, serif;\"><span style=\"font-size: large;\"><span lang=\"en-US\"><b>PROTECCI\u00d3N DE LA INFORMACI\u00d3N<\/b><\/span><\/span><\/span><\/span><\/p><p class=\"western\" lang=\"es-ES-u-co-trad\"><span style=\"color: #000000;\"><span style=\"font-family: Helvetica, serif;\"><span style=\"font-size: medium;\"><span lang=\"en-US\">No transmitiremos su informaci\u00f3n personal a terceros a menos que as\u00ed lo exija la ley o una autoridad reguladora o gubernamental. Normalmente no vinculamos las direcciones IP a nada que pueda identificarlo personalmente, lo que significa que usted permanece an\u00f3nimo aunque incluyamos su direcci\u00f3n IP en nuestra informaci\u00f3n agregada. Sin embargo, podemos e intentaremos utilizar direcciones IP para identificar a un usuario cuando lo consideremos necesario para hacer cumplir nuestros t\u00e9rminos y condiciones, o para proteger nuestros servicios y otros usuarios.<\/span><\/span><\/span><\/span><\/p><p class=\"western\" lang=\"es-ES-u-co-trad\"><span style=\"color: #000000;\"><span style=\"font-family: Helvetica, serif;\"><span style=\"font-size: large;\"><span lang=\"en-US\"><b>COOKIES<\/b><\/span><\/span><\/span><\/span><\/p><p class=\"western\" lang=\"es-ES-u-co-trad\"><span style=\"color: #000000;\"><span style=\"font-family: Helvetica, serif;\"><span style=\"font-size: medium;\"><span lang=\"en-US\">Las cookies son peque\u00f1os fragmentos de informaci\u00f3n que su navegador almacena en el disco duro de su computadora. Nos permiten identificar a los usuarios registrados sin necesidad de solicitar datos de registro cada vez que acceda a nuestro sitio. El uso de cookies hace que el acceso a nuestro sitio sea m\u00e1s conveniente, ya que no necesita recordar su contrase\u00f1a cada vez que ingresa.<\/span><\/span><\/span><\/span><\/p><p class=\"western\" lang=\"es-ES-u-co-trad\"><span style=\"color: #000000;\"><span style=\"font-family: Helvetica, serif;\"><span style=\"font-size: large;\"><span lang=\"en-US\"><b>PROTECCI\u00d3N DE LA INFORMACI\u00d3N<\/b><\/span><\/span><\/span><\/span><\/p><p class=\"western\" lang=\"es-ES-u-co-trad\"><span style=\"color: #000000;\"><span style=\"font-family: Helvetica, serif;\"><span style=\"font-size: medium;\"><span lang=\"en-US\">Tomamos todas las precauciones para proteger su informaci\u00f3n. Con este fin, toda la informaci\u00f3n personal almacenada por nosotros se guarda en un servidor en un entorno seguro. Solo los empleados y los contratistas \/ desarrolladores aprobados que necesitan la informaci\u00f3n para realizar un trabajo espec\u00edfico tienen acceso a la informaci\u00f3n de identificaci\u00f3n personal. Realizamos revisiones de seguridad peri\u00f3dicas para garantizar que el sitio permanezca seguro y protegido para su protecci\u00f3n. No podemos garantizar la seguridad de los datos que divulga en l\u00ednea y acepta que Internet no es completamente seguro y acepta que no seremos responsables del uso, distribuci\u00f3n o destrucci\u00f3n no autorizados de su informaci\u00f3n personal.<\/span><\/span><\/span><\/span><\/p><p class=\"western\" lang=\"es-ES-u-co-trad\"><span style=\"color: #000000;\"><span style=\"font-family: Helvetica, serif;\"><span style=\"font-size: large;\"><span lang=\"en-US\"><b>ACTUALIZAR INFORMACI\u00d3N PERSONAL<\/b><\/span><\/span><\/span><\/span><\/p><p class=\"western\" lang=\"es-ES-u-co-trad\"><span style=\"color: #000000;\"><span style=\"font-family: Helvetica, serif;\"><span style=\"font-size: medium;\"><span lang=\"en-US\">Si su informaci\u00f3n personal cambia o si ya no desea suscribirse al servicio, haremos todo lo posible por corregir, actualizar o eliminar la informaci\u00f3n personal que nos ha proporcionado lo antes posible.<\/span><\/span><\/span><\/span><\/p><p class=\"western\" lang=\"es-ES-u-co-trad\"><span style=\"color: #000000;\"><span style=\"font-family: Helvetica, serif;\"><span style=\"font-size: large;\"><span lang=\"en-US\"><b>MENORES DE 18 A\u00d1OS<\/b><\/span><\/span><\/span><\/span><\/p><p class=\"western\" lang=\"es-ES-u-co-trad\"><span style=\"color: #000000;\"><span style=\"font-family: Helvetica, serif;\"><span style=\"font-size: medium;\"><span lang=\"en-US\">Si es menor de 18 a\u00f1os, aseg\u00farese de obtener el consentimiento de sus padres \/ tutores de antemano cada vez que proporcione informaci\u00f3n personal al sitio web. Los usuarios sin dicho consentimiento no pueden proporcionarnos informaci\u00f3n personal.<\/span><\/span><\/span><\/span><\/p><p class=\"western\" lang=\"es-ES-u-co-trad\"><span style=\"color: #000000;\"><span style=\"font-family: Helvetica, serif;\"><span style=\"font-size: large;\"><span lang=\"en-US\"><b>LEY QUE RIGE<\/b><\/span><\/span><\/span><\/span><\/p><p class=\"western\" lang=\"es-ES-u-co-trad\"><span style=\"color: #000000;\"><span style=\"font-family: Helvetica, serif;\"><span style=\"font-size: medium;\"><span lang=\"en-US\">Esta pol\u00edtica de privacidad forma parte de los T\u00e9rminos de nuestro sitio web. Cualquier disputa o reclamaci\u00f3n que surja de esta pol\u00edtica y el uso de su informaci\u00f3n personal se regir\u00e1 por la ley espa\u00f1ola y los tribunales espa\u00f1oles tienen jurisdicci\u00f3n exclusiva para resolver dicha disputa o reclamaci\u00f3n.<\/span><\/span><\/span><\/span><\/p>\t\t\t\t\t\t\t\t<\/div>\n\t\t\t\t<\/div>\n\t\t\t\t\t<\/div>\n\t\t<\/div>\n\t\t\t\t\t<\/div>\n\t\t<\/section>\n\t\t\t\t<\/div>\n\t\t","protected":false},"excerpt":{"rendered":"<p>Pol\u00edtica de privacidad Estamos comprometidos a salvaguardar su privacidad en l\u00ednea y hemos desarrollado esta pol\u00edtica de privacidad para tratar los problemas que puedan preocuparle. Lea esta pol\u00edtica para comprender c\u00f3mo se tratar\u00e1 su informaci\u00f3n personal. Esta pol\u00edtica puede cambiar de vez en cuando, as\u00ed que rev\u00edsela peri\u00f3dicamente. La utilizaci\u00f3n del sitio web bwre.es propiedad &hellip; <\/p>\n<p class=\"link-more\"><a href=\"https:\/\/edificiolumen.com\/en\/politica-de-privacidad\/\" class=\"more-link\">Read More <span class=\"screen-reader-text\"> &#8220;Politica de privacidad&#8221;<\/span><\/a><\/p>\n","protected":false},"author":1,"featured_media":0,"parent":0,"menu_order":0,"comment_status":"closed","ping_status":"closed","template":"","meta":{"_coblocks_attr":"","_coblocks_dimensions":"","_coblocks_responsive_height":"","_coblocks_accordion_ie_support":"","inline_featured_image":false,"footnotes":""},"class_list":["post-2922","page","type-page","status-publish","hentry"],"_links":{"self":[{"href":"https:\/\/edificiolumen.com\/en\/wp-json\/wp\/v2\/pages\/2922","targetHints":{"allow":["GET"]}}],"collection":[{"href":"https:\/\/edificiolumen.com\/en\/wp-json\/wp\/v2\/pages"}],"about":[{"href":"https:\/\/edificiolumen.com\/en\/wp-json\/wp\/v2\/types\/page"}],"author":[{"embeddable":true,"href":"https:\/\/edificiolumen.com\/en\/wp-json\/wp\/v2\/users\/1"}],"replies":[{"embeddable":true,"href":"https:\/\/edificiolumen.com\/en\/wp-json\/wp\/v2\/comments?post=2922"}],"version-history":[{"count":19,"href":"https:\/\/edificiolumen.com\/en\/wp-json\/wp\/v2\/pages\/2922\/revisions"}],"predecessor-version":[{"id":3550,"href":"https:\/\/edificiolumen.com\/en\/wp-json\/wp\/v2\/pages\/2922\/revisions\/3550"}],"wp:attachment":[{"href":"https:\/\/edificiolumen.com\/en\/wp-json\/wp\/v2\/media?parent=2922"}],"curies":[{"name":"wp","href":"https:\/\/api.w.org\/{rel}","templated":true}]}}